{"id":161,"date":"2017-06-15T07:35:51","date_gmt":"2017-06-15T05:35:51","guid":{"rendered":"http:\/\/centredialogue.creacore.be\/?page_id=161"},"modified":"2017-10-02T10:51:18","modified_gmt":"2017-10-02T08:51:18","slug":"logopedie","status":"publish","type":"page","link":"https:\/\/www.centredialogue.be\/index.php\/logopedie\/","title":{"rendered":"Logop\u00e9die"},"content":{"rendered":"<p>La logop\u00e9die est la profession param\u00e9dicale qui s\u2019occupe de l\u2019ensemble des troubles de la communication et du langage, quelle que soit leur origine, chez l\u2019enfant, l\u2019adolescent et l\u2019adulte.<\/p>\n<p>Au centre Dialogue, nous sommes qualifi\u00e9es pour accomplir les 5 r\u00f4les fondamentaux du logop\u00e8de.<img decoding=\"async\" class=\"alignright size-full wp-image-380\" style=\"margin-right: 64px;\" src=\"http:\/\/site-test.centredialogue.be\/wp-content\/uploads\/2017\/06\/logo_referentiel_competences.png\" alt=\"\" width=\"115\" srcset=\"https:\/\/www.centredialogue.be\/wp-content\/uploads\/2017\/06\/logo_referentiel_competences.png 369w, https:\/\/www.centredialogue.be\/wp-content\/uploads\/2017\/06\/logo_referentiel_competences-108x300.png 108w, https:\/\/www.centredialogue.be\/wp-content\/uploads\/2017\/06\/logo_referentiel_competences-137x380.png 137w\" sizes=\"(max-width: 369px) 100vw, 369px\" \/><\/p>\n<ul>\n<li>La <strong>pr\u00e9vention<\/strong>\u00a0: notre r\u00f4le est de d\u00e9pister les troubles le plus pr\u00e9cocement possible et de transmettre des informations claires sur les facteurs de risques li\u00e9s \u00e0 certains troubles\u00a0;<\/li>\n<li>L\u2019<strong>\u00e9valuation<\/strong>\u00a0: nous r\u00e9alisons des \u00e9valuations approfondies et individualis\u00e9es afin de prendre des d\u00e9cisions argument\u00e9es et r\u00e9fl\u00e9chies pour chaque patient\u00a0;<\/li>\n<li>Le <strong>traitement<\/strong>\u00a0: nous r\u00e9alisons des suivis personnalis\u00e9s qui prennent en compte les besoins et les caract\u00e9ristiques de chaque patient\u00a0;<\/li>\n<li>La <strong>relation professionnelle<\/strong>\u00a0: nous cr\u00e9ons et maintenons une relation de confiance\u00a0avec tous les partenaires de la prise en charge (enfants, parents, enseignants, m\u00e9decins, etc.) ;<\/li>\n<li>L\u2019<strong>expertise<\/strong>\u00a0: nous ne cessons de nous former de fa\u00e7on continue afin d\u2019assurer le d\u00e9veloppement de notre pratique professionnelle.<\/li>\n<\/ul>\n<p>&nbsp;<\/p>\n<p>Plus pr\u00e9cis\u00e9ment, nous prenons en charge les pathologies suivantes\u00a0:<\/p>\n<p><img decoding=\"async\" class=\"aligncenter wp-image-452 size-full\" src=\"http:\/\/site-test.centredialogue.be\/wp-content\/uploads\/2017\/06\/site-dialogue-ce-que-nous-prenons-en-charge2.png\" alt=\"\" width=\"100%\" srcset=\"https:\/\/www.centredialogue.be\/wp-content\/uploads\/2017\/06\/site-dialogue-ce-que-nous-prenons-en-charge2.png 1754w, https:\/\/www.centredialogue.be\/wp-content\/uploads\/2017\/06\/site-dialogue-ce-que-nous-prenons-en-charge2-300x212.png 300w, https:\/\/www.centredialogue.be\/wp-content\/uploads\/2017\/06\/site-dialogue-ce-que-nous-prenons-en-charge2-768x543.png 768w, https:\/\/www.centredialogue.be\/wp-content\/uploads\/2017\/06\/site-dialogue-ce-que-nous-prenons-en-charge2-1024x724.png 1024w, https:\/\/www.centredialogue.be\/wp-content\/uploads\/2017\/06\/site-dialogue-ce-que-nous-prenons-en-charge2-538x380.png 538w\" sizes=\"(max-width: 1754px) 100vw, 1754px\" \/><\/p>\n","protected":false},"excerpt":{"rendered":"<p>La logop\u00e9die est la profession param\u00e9dicale qui s\u2019occupe de l\u2019ensemble des troubles de la communication et du langage, quelle que soit leur origine, chez l\u2019enfant, l\u2019adolescent et l\u2019adulte. Au centre Dialogue, nous sommes qualifi\u00e9es pour accomplir les 5 r\u00f4les fondamentaux du logop\u00e8de. La pr\u00e9vention\u00a0: notre r\u00f4le est de d\u00e9pister les troubles le plus pr\u00e9cocement possible [&hellip;]<\/p>\n","protected":false},"author":1,"featured_media":0,"parent":0,"menu_order":0,"comment_status":"closed","ping_status":"closed","template":"","meta":{"footnotes":""},"class_list":["post-161","page","type-page","status-publish","hentry","without-featured-image"],"_links":{"self":[{"href":"https:\/\/www.centredialogue.be\/index.php\/wp-json\/wp\/v2\/pages\/161","targetHints":{"allow":["GET"]}}],"collection":[{"href":"https:\/\/www.centredialogue.be\/index.php\/wp-json\/wp\/v2\/pages"}],"about":[{"href":"https:\/\/www.centredialogue.be\/index.php\/wp-json\/wp\/v2\/types\/page"}],"author":[{"embeddable":true,"href":"https:\/\/www.centredialogue.be\/index.php\/wp-json\/wp\/v2\/users\/1"}],"replies":[{"embeddable":true,"href":"https:\/\/www.centredialogue.be\/index.php\/wp-json\/wp\/v2\/comments?post=161"}],"version-history":[{"count":20,"href":"https:\/\/www.centredialogue.be\/index.php\/wp-json\/wp\/v2\/pages\/161\/revisions"}],"predecessor-version":[{"id":453,"href":"https:\/\/www.centredialogue.be\/index.php\/wp-json\/wp\/v2\/pages\/161\/revisions\/453"}],"wp:attachment":[{"href":"https:\/\/www.centredialogue.be\/index.php\/wp-json\/wp\/v2\/media?parent=161"}],"curies":[{"name":"wp","href":"https:\/\/api.w.org\/{rel}","templated":true}]}}