{"id":30,"date":"2017-05-07T12:46:05","date_gmt":"2017-05-07T10:46:05","guid":{"rendered":"http:\/\/centredialogue.creacore.be\/?page_id=30"},"modified":"2021-10-07T22:07:47","modified_gmt":"2021-10-07T20:07:47","slug":"infos-pratiques","status":"publish","type":"page","link":"https:\/\/www.centredialogue.be\/index.php\/infos-pratiques\/","title":{"rendered":"Infos pratiques"},"content":{"rendered":"<p>Le centre pluridisciplinaire de Soumagne est ouvert du lundi au vendredi de 8h \u00e0 20h et le samedi de 8h \u00e0 17h.<br \/>\nT\u00e9l\u00e9phone: 04\/355 27 11 &#8211; 0476\/29 72 88<br \/>\nFacebook: <a href=\"https:\/\/www.facebook.com\/centredialoguesoumagne\" target=\"_blank\" rel=\"noopener noreferrer\">https:\/\/www.facebook.com\/centredialoguesoumagne<\/a><\/p>\n<p><iframe loading=\"lazy\" style=\"border: 0;\" src=\"https:\/\/www.google.com\/maps\/embed?pb=!1m18!1m12!1m3!1d1266.0665736132178!2d5.723277522671094!3d50.606063384018434!2m3!1f0!2f0!3f0!3m2!1i1024!2i768!4f13.1!3m3!1m2!1s0x47c0f461675fe0fb%3A0x96ba2d6563db506c!2sDialogue!5e0!3m2!1sen!2sbe!4v1499282422766\" width=\"100%\" height=\"450\" frameborder=\"0\" allowfullscreen=\"allowfullscreen\"><\/iframe><\/p>\n","protected":false},"excerpt":{"rendered":"<p>Le centre pluridisciplinaire de Soumagne est ouvert du lundi au vendredi de 8h \u00e0 20h et le samedi de 8h \u00e0 17h. T\u00e9l\u00e9phone: 04\/355 27 11 &#8211; 0476\/29 72 88 Facebook: https:\/\/www.facebook.com\/centredialoguesoumagne<\/p>\n","protected":false},"author":1,"featured_media":0,"parent":0,"menu_order":0,"comment_status":"closed","ping_status":"closed","template":"","meta":{"footnotes":""},"class_list":["post-30","page","type-page","status-publish","hentry","without-featured-image"],"_links":{"self":[{"href":"https:\/\/www.centredialogue.be\/index.php\/wp-json\/wp\/v2\/pages\/30","targetHints":{"allow":["GET"]}}],"collection":[{"href":"https:\/\/www.centredialogue.be\/index.php\/wp-json\/wp\/v2\/pages"}],"about":[{"href":"https:\/\/www.centredialogue.be\/index.php\/wp-json\/wp\/v2\/types\/page"}],"author":[{"embeddable":true,"href":"https:\/\/www.centredialogue.be\/index.php\/wp-json\/wp\/v2\/users\/1"}],"replies":[{"embeddable":true,"href":"https:\/\/www.centredialogue.be\/index.php\/wp-json\/wp\/v2\/comments?post=30"}],"version-history":[{"count":7,"href":"https:\/\/www.centredialogue.be\/index.php\/wp-json\/wp\/v2\/pages\/30\/revisions"}],"predecessor-version":[{"id":794,"href":"https:\/\/www.centredialogue.be\/index.php\/wp-json\/wp\/v2\/pages\/30\/revisions\/794"}],"wp:attachment":[{"href":"https:\/\/www.centredialogue.be\/index.php\/wp-json\/wp\/v2\/media?parent=30"}],"curies":[{"name":"wp","href":"https:\/\/api.w.org\/{rel}","templated":true}]}}