{"id":465,"date":"2017-10-12T11:34:49","date_gmt":"2017-10-12T09:34:49","guid":{"rendered":"http:\/\/site-test.centredialogue.be\/?page_id=465"},"modified":"2022-12-03T14:35:41","modified_gmt":"2022-12-03T13:35:41","slug":"alice-lemoine-osteopathe","status":"publish","type":"page","link":"https:\/\/www.centredialogue.be\/index.php\/alice-lemoine-osteopathe\/","title":{"rendered":"Alice Lemoine &#8211; Ost\u00e9opathe"},"content":{"rendered":"<div class=\"entry-content\">\n<h4><img loading=\"lazy\" decoding=\"async\" class=\"team-pic wp-image-736 size-medium alignright\" src=\"https:\/\/www.centredialogue.be\/wp-content\/uploads\/2020\/02\/Photo-site-Alice-Lemoine-300x300.jpg\" alt=\"\" width=\"300\" height=\"300\" srcset=\"https:\/\/www.centredialogue.be\/wp-content\/uploads\/2020\/02\/Photo-site-Alice-Lemoine-300x300.jpg 300w, https:\/\/www.centredialogue.be\/wp-content\/uploads\/2020\/02\/Photo-site-Alice-Lemoine-1024x1024.jpg 1024w, https:\/\/www.centredialogue.be\/wp-content\/uploads\/2020\/02\/Photo-site-Alice-Lemoine-150x150.jpg 150w, https:\/\/www.centredialogue.be\/wp-content\/uploads\/2020\/02\/Photo-site-Alice-Lemoine-768x768.jpg 768w, https:\/\/www.centredialogue.be\/wp-content\/uploads\/2020\/02\/Photo-site-Alice-Lemoine-1536x1536.jpg 1536w, https:\/\/www.centredialogue.be\/wp-content\/uploads\/2020\/02\/Photo-site-Alice-Lemoine-2048x2048.jpg 2048w, https:\/\/www.centredialogue.be\/wp-content\/uploads\/2020\/02\/Photo-site-Alice-Lemoine-90x90.jpg 90w, https:\/\/www.centredialogue.be\/wp-content\/uploads\/2020\/02\/Photo-site-Alice-Lemoine-380x380.jpg 380w\" sizes=\"auto, (max-width: 300px) 100vw, 300px\" \/><\/h4>\n<h4>Titre&nbsp;:<\/h4>\n<p>Ost\u00e9opathe D.O. (dipl\u00f4m\u00e9e en ost\u00e9opathie)<\/p>\n<p>Mon <strong>parcours professionnel<\/strong> est un peu particulier. Je pense que le point central de mon histoire est le <strong>mouvement<\/strong>. L\u2019observer et le comprendre en particulier. Adolescente et jeune adulte, j\u2019ai donn\u00e9 beaucoup de cours d\u2019\u00e9quitation et j\u2019adorais comprendre quels effets les tensions musculaires pouvaient avoir sur la position du cavalier ainsi que sur les mouvements de son cheval afin de faire \u00e9voluer le couple en harmonie.<\/p>\n<p>Une fois dipl\u00f4m\u00e9e des \u00e9tudes secondaires, j\u2019ai entrepris de suivre les cours d\u2019<strong>Art dramatique<\/strong> au Conservatoire Royal de Mons pendant 4 ans. Une fois de plus, le corps s\u2019 est trouv\u00e9 au centre de mon attention et je pense que c\u2019est l\u00e0 que j\u2019ai le plus appris \u00e0 le comprendre, autant en observant mes coll\u00e8gues qu\u2019en exp\u00e9rimentant moi-m\u00eame les exercices donn\u00e9s. Une fois ma formation de com\u00e9dienne termin\u00e9e, je me suis rendue compte qu\u2019en plus de travailler, j\u2019avais surtout envie d\u2019aider les gens et c\u2019est assez vite que je me suis tourn\u00e9e vers les \u00e9tudes de <strong>kin\u00e9sith\u00e9rapie de l\u2019Ulg<\/strong>, avec pour but d\u2019enchainer apr\u00e8s avec l\u2019<strong>IAO<\/strong> (International Academy of Osteopathy) et de devenir alors enfin <strong>Ost\u00e9opathe<\/strong>.<\/p>\n<p>L\u2019ost\u00e9opathie rassemble tout ce que j\u2019aime. Elle a pour <strong>but<\/strong> de lever les obstacles \u00e0 une bonne mobilit\u00e9 physique en prenant en compte les diff\u00e9rents syst\u00e8mes du corps, \u00e0 savoir les syst\u00e8mes nerveux, vasculaire, articulaire et osseux. Cela se fait via des mobilisations et manipulations douces et cibl\u00e9es pour laisser place au principe d\u2019auto-gu\u00e9rison une fois le traitement termin\u00e9.<\/p>\n<p>Une s\u00e9ance d\u2019ost\u00e9opathie consiste tout d\u2019abord \u00e0 \u00e9couter, \u00e0 prendre en compte tous les ant\u00e9c\u00e9dents m\u00e9dicaux et le ressenti global du patient. C\u2019est pour moi une \u00e9tape tr\u00e8s importante&nbsp;; elle permet l\u2019installation d\u2019un climat de confiance indispensable \u00e0 un bon traitement et elle d\u00e9termine si oui ou non le probl\u00e8me du patient est d\u2019ordre ost\u00e9opathique ou si la situation n\u00e9cessite une investigation plus compl\u00e8te aupr\u00e8s du m\u00e9decin traitant. Vient ensuite l\u2019\u00e9tape de l\u2019observation et enfin celle du traitement en lui-m\u00eame. Celui-ci varie selon le patient et se compose de mobilisations et manipulations en fonction de ses besoins. Je me consid\u00e8re comme une ost\u00e9opathe classique et douce et je mets un point d\u2019honneur \u00e0 ce que mes patients le ressentent comme tel.<\/p>\n<p>Je re\u00e7ois avec grand plaisir des <strong>patients de tous \u00e2ges<\/strong>, du nourrisson \u00e0 la personne \u00e2g\u00e9e, des sportifs aux moins sportifs\u2026<\/p>\n<h4>Domaines de comp\u00e9tences&nbsp;:<\/h4>\n<p>Les indications d\u2019un traitement ost\u00e9opathiques sont nombreuses, en voici une liste non-exhaustive :<\/p>\n<ul>\n<li>Check up pr\u00e9ventif<\/li>\n<li>Troubles fonctionnels (exclure les risque de fractures ou les traumatismes l\u00e9sionnels)<\/li>\n<li>Maux de t\u00eate<\/li>\n<li>Tensions musculaires et tissulaires<\/li>\n<li>Hernie discale (travail p\u00e9riph\u00e9rique \u00e0 la hernie exclusivement)<\/li>\n<li>Bruxisme ( le fait de serrer les dents)<\/li>\n<li>troubles de la digestion (acidit\u00e9 d\u2019estomac, constipation, etc.)<\/li>\n<li>le nourrisson : check up post partum, coliques, mauvais sommeil, succion inefficace, accouchement traumatique, conjonctivites, mauvaise posture, etc.)<\/li>\n<li>la femme et ses maux propres<\/li>\n<li>la femme enceinte et les maux dus \u00e0 sa grossesse et ou \u00e0 son accouchement.<\/li>\n<li>\u2026\u2026<\/li>\n<\/ul>\n<p>Pour conclure, je dirais que l\u2019ost\u00e9opathie et une prise en charge importante qui se veut majoritairement pr\u00e9ventionnelle et qui peut soulager beaucoup de maux au quotidien.<\/p>\n<h4>Contact&nbsp;:<\/h4>\n<p>Je reste \u00e0 disposition pour toute question au \ud83d\udcde <strong>0497\/542.542<\/strong> et je vous invite \u00e0 prendre rendez-vous via <a href=\"http:\/\/www.lemoine.progenda.be\">www.lemoine.progenda.be<\/a>.<br \/>\nJe vous re\u00e7ois le lundi, le mercredi et le vendredi<\/p>\n<p>A bient\u00f4t&nbsp;!<\/p>\n<\/div>\n","protected":false},"excerpt":{"rendered":"<p>Titre&nbsp;: Ost\u00e9opathe D.O. (dipl\u00f4m\u00e9e en ost\u00e9opathie) Mon parcours professionnel est un peu particulier. Je pense que le point central de mon histoire est le mouvement. L\u2019observer et le comprendre en particulier. Adolescente et jeune adulte, j\u2019ai donn\u00e9 beaucoup de cours d\u2019\u00e9quitation et j\u2019adorais comprendre quels effets les tensions musculaires pouvaient avoir sur la position du [&hellip;]<\/p>\n","protected":false},"author":1,"featured_media":0,"parent":0,"menu_order":0,"comment_status":"closed","ping_status":"closed","template":"","meta":{"footnotes":""},"class_list":["post-465","page","type-page","status-publish","hentry","without-featured-image"],"_links":{"self":[{"href":"https:\/\/www.centredialogue.be\/index.php\/wp-json\/wp\/v2\/pages\/465","targetHints":{"allow":["GET"]}}],"collection":[{"href":"https:\/\/www.centredialogue.be\/index.php\/wp-json\/wp\/v2\/pages"}],"about":[{"href":"https:\/\/www.centredialogue.be\/index.php\/wp-json\/wp\/v2\/types\/page"}],"author":[{"embeddable":true,"href":"https:\/\/www.centredialogue.be\/index.php\/wp-json\/wp\/v2\/users\/1"}],"replies":[{"embeddable":true,"href":"https:\/\/www.centredialogue.be\/index.php\/wp-json\/wp\/v2\/comments?post=465"}],"version-history":[{"count":13,"href":"https:\/\/www.centredialogue.be\/index.php\/wp-json\/wp\/v2\/pages\/465\/revisions"}],"predecessor-version":[{"id":1050,"href":"https:\/\/www.centredialogue.be\/index.php\/wp-json\/wp\/v2\/pages\/465\/revisions\/1050"}],"wp:attachment":[{"href":"https:\/\/www.centredialogue.be\/index.php\/wp-json\/wp\/v2\/media?parent=465"}],"curies":[{"name":"wp","href":"https:\/\/api.w.org\/{rel}","templated":true}]}}