{"id":696,"date":"2019-09-26T14:37:06","date_gmt":"2019-09-26T12:37:06","guid":{"rendered":"http:\/\/www.centredialogue.be\/?page_id=696"},"modified":"2022-12-03T14:27:38","modified_gmt":"2022-12-03T13:27:38","slug":"geraldine-zanetti-logopede","status":"publish","type":"page","link":"https:\/\/www.centredialogue.be\/index.php\/geraldine-zanetti-logopede\/","title":{"rendered":"G\u00e9raldine Zanetti &#8211; Logop\u00e8de"},"content":{"rendered":"<h4>Titre :<img loading=\"lazy\" decoding=\"async\" class=\"team-pic alignright wp-image-694 size-medium\" src=\"https:\/\/www.centredialogue.be\/wp-content\/uploads\/2019\/09\/Photo-site-Geraldine-Zanotti-221x300.jpg\" alt=\"\" width=\"221\" height=\"300\"><\/h4>\n<p>Dipl\u00f4m\u00e9e en logop\u00e9die de la Haute Ecole de la Province de Li\u00e8ge.<\/p>\n<h4>Domaines de comp\u00e9tences&nbsp;:<\/h4>\n<ul>\n<li>Langage oral<\/li>\n<li>Langage \u00e9crit<\/li>\n<li>Troubles d\u2019apprentissages des habilet\u00e9s math\u00e9matiques<\/li>\n<li>Troubles instrumentaux<\/li>\n<\/ul>\n<h4>Consultations&nbsp;:<\/h4>\n<p>Bilans et prises en charge d\u2019enfants et d\u2019adolescents pr\u00e9sentant&nbsp;:<\/p>\n<ul>\n<li>Un trouble du langage oral<\/li>\n<li>Un trouble du langage \u00e9crit (dyslexie, dysorthographie)<\/li>\n<li>Un trouble d\u2019apprentissage des habilet\u00e9s math\u00e9matiques<\/li>\n<\/ul>\n<h4>Contact&nbsp;:<\/h4>\n<p>Je vous re\u00e7ois sur rendez-vous les lundis et mercredis.<\/p>\n<p>\ud83d\udcde 0496\/53.97.34<\/p>\n<p>\u2709\ufe0f zanetti.geraldine@gmail.com<\/p>\n","protected":false},"excerpt":{"rendered":"<p>Titre : Dipl\u00f4m\u00e9e en logop\u00e9die de la Haute Ecole de la Province de Li\u00e8ge. Domaines de comp\u00e9tences&nbsp;: Langage oral Langage \u00e9crit Troubles d\u2019apprentissages des habilet\u00e9s math\u00e9matiques Troubles instrumentaux Consultations&nbsp;: Bilans et prises en charge d\u2019enfants et d\u2019adolescents pr\u00e9sentant&nbsp;: Un trouble du langage oral Un trouble du langage \u00e9crit (dyslexie, dysorthographie) Un trouble d\u2019apprentissage des habilet\u00e9s [&hellip;]<\/p>\n","protected":false},"author":2,"featured_media":0,"parent":0,"menu_order":0,"comment_status":"closed","ping_status":"closed","template":"","meta":{"footnotes":""},"class_list":["post-696","page","type-page","status-publish","hentry","without-featured-image"],"_links":{"self":[{"href":"https:\/\/www.centredialogue.be\/index.php\/wp-json\/wp\/v2\/pages\/696","targetHints":{"allow":["GET"]}}],"collection":[{"href":"https:\/\/www.centredialogue.be\/index.php\/wp-json\/wp\/v2\/pages"}],"about":[{"href":"https:\/\/www.centredialogue.be\/index.php\/wp-json\/wp\/v2\/types\/page"}],"author":[{"embeddable":true,"href":"https:\/\/www.centredialogue.be\/index.php\/wp-json\/wp\/v2\/users\/2"}],"replies":[{"embeddable":true,"href":"https:\/\/www.centredialogue.be\/index.php\/wp-json\/wp\/v2\/comments?post=696"}],"version-history":[{"count":5,"href":"https:\/\/www.centredialogue.be\/index.php\/wp-json\/wp\/v2\/pages\/696\/revisions"}],"predecessor-version":[{"id":1040,"href":"https:\/\/www.centredialogue.be\/index.php\/wp-json\/wp\/v2\/pages\/696\/revisions\/1040"}],"wp:attachment":[{"href":"https:\/\/www.centredialogue.be\/index.php\/wp-json\/wp\/v2\/media?parent=696"}],"curies":[{"name":"wp","href":"https:\/\/api.w.org\/{rel}","templated":true}]}}